{"id":6800,"date":"2021-10-22T14:46:09","date_gmt":"2021-10-22T12:46:09","guid":{"rendered":"https:\/\/kekbolygoalapitvany.hu\/contact\/"},"modified":"2025-05-08T13:21:57","modified_gmt":"2025-05-08T11:21:57","slug":"contact","status":"publish","type":"page","link":"https:\/\/kekbolygoalapitvany.hu\/en\/contact\/","title":{"rendered":"Contact"},"content":{"rendered":"<div class=\"wpb-content-wrapper\"><p>[vc_row full_height=&#8221;yes&#8221; equal_height=&#8221;yes&#8221; content_placement=&#8221;middle&#8221; el_class=&#8221;contact-page&#8221;][vc_column width=&#8221;1\/3&#8243; offset=&#8221;vc_col-sm-offset-1&#8243;][vc_column_text css=&#8221;&#8221; el_class=&#8221;after-line-left-h1&#8243;]<\/p>\n<h1 style=\"text-align: left;\"><strong>Contact<\/strong><\/h1>\n<p style=\"text-align: left;\"><img decoding=\"async\" src=\"\/wp-content\/uploads\/2021\/11\/icon-mail.svg\" width=\"20\" height=\"20\" \/> <a href=\"mailto:contact@kbka.org\">contact@kbka.org<\/a><\/p>\n<p style=\"text-align: left;\"><img decoding=\"async\" src=\"\/wp-content\/uploads\/2021\/11\/icon-pin.svg\" width=\"20\" height=\"20\" \/> <a href=\"https:\/\/maps.app.goo.gl\/GSc4hGmYm5WsnxTp9\" target=\"_blank\" rel=\"noopener\">H-1126 Budapest, Ugocsa street 4.\/b<\/a><\/p>\n<p>[\/vc_column_text][\/vc_column][vc_column width=&#8221;1\/2&#8243; offset=&#8221;vc_col-sm-offset-1&#8243;]<style type=\"text\/css\" data-type=\"the7_shortcodes-inline-css\">.shortcode-single-image-wrap.shortcode-single-image-bce0350db5b78781a6fda25da7ac4133.enable-bg-rollover .rollover i,\n.shortcode-single-image-wrap.shortcode-single-image-bce0350db5b78781a6fda25da7ac4133.enable-bg-rollover .rollover-video i {\n  background: -webkit-linear-gradient();\n  background: linear-gradient();\n}\n.shortcode-single-image-wrap.shortcode-single-image-bce0350db5b78781a6fda25da7ac4133 .rollover-icon {\n  font-size: 32px;\n  color: #ffffff;\n  min-width: 44px;\n  min-height: 44px;\n  line-height: 44px;\n  border-radius: 100px;\n  border-style: solid;\n  border-width: 0px;\n}\n.dt-icon-bg-on.shortcode-single-image-wrap.shortcode-single-image-bce0350db5b78781a6fda25da7ac4133 .rollover-icon {\n  background: rgba(255,255,255,0.3);\n  box-shadow: none;\n}<\/style><div class=\"shortcode-single-image-wrap shortcode-single-image-bce0350db5b78781a6fda25da7ac4133 alignnone  enable-bg-rollover dt-icon-bg-off\" style=\"margin-top:0px; margin-bottom:0px; margin-left:0px; margin-right:0px;\"><div class=\"shortcode-single-image\"><div class=\"fancy-media-wrap  layzr-bg\" style=\"border-radius:500px;\"><img fetchpriority=\"high\" decoding=\"async\" class=\"preload-me lazy-load aspect\" src=\"data:image\/svg+xml,%3Csvg%20xmlns%3D&#39;http%3A%2F%2Fwww.w3.org%2F2000%2Fsvg&#39;%20viewBox%3D&#39;0%200%201956%201956&#39;%2F%3E\" data-src=\"https:\/\/kekbolygoalapitvany.hu\/wp-content\/uploads\/2021\/11\/kek-bolygo-kapcsolat.jpg\" data-srcset=\"https:\/\/kekbolygoalapitvany.hu\/wp-content\/uploads\/2021\/11\/kek-bolygo-kapcsolat.jpg 1956w\" loading=\"eager\" sizes=\"(max-width: 1956px) 100vw, 1956px\" width=\"1956\" height=\"1956\"  data-dt-location=\"https:\/\/kekbolygoalapitvany.hu\/en\/kapcsolat\/attachment\/kek-bolygo-kapcsolat\/\" style=\"--ratio: 1956 \/ 1956;border-radius:500px;\" alt=\"\" \/><\/div><\/div><\/div>[\/vc_column][\/vc_row]<\/p>\n<\/div>","protected":false},"excerpt":{"rendered":"<p>[vc_row full_height=&#8221;yes&#8221; equal_height=&#8221;yes&#8221; content_placement=&#8221;middle&#8221; el_class=&#8221;contact-page&#8221;][vc_column width=&#8221;1\/3&#8243; offset=&#8221;vc_col-sm-offset-1&#8243;][vc_column_text css=&#8221;&#8221; el_class=&#8221;after-line-left-h1&#8243;] Contact contact@kbka.org H-1126 Budapest, Ugocsa street 4.\/b [\/vc_column_text][\/vc_column][vc_column width=&#8221;1\/2&#8243; offset=&#8221;vc_col-sm-offset-1&#8243;][\/vc_column][\/vc_row]<\/p>\n","protected":false},"author":2,"featured_media":5904,"parent":0,"menu_order":0,"comment_status":"closed","ping_status":"closed","template":"","meta":{"_acf_changed":false,"footnotes":""},"class_list":["post-6800","page","type-page","status-publish","has-post-thumbnail","hentry","description-off"],"acf":[],"yoast_head":"<!-- This site is optimized with the Yoast SEO plugin v27.2 - https:\/\/yoast.com\/product\/yoast-seo-wordpress\/ -->\n<title>Contact - K\u00e9k Bolyg\u00f3 Alap\u00edtv\u00e1ny<\/title>\n<meta name=\"robots\" content=\"index, follow, max-snippet:-1, max-image-preview:large, max-video-preview:-1\" \/>\n<link rel=\"canonical\" href=\"https:\/\/kekbolygoalapitvany.hu\/en\/contact\/\" \/>\n<meta property=\"og:locale\" content=\"en_US\" \/>\n<meta property=\"og:type\" content=\"article\" \/>\n<meta property=\"og:title\" content=\"Contact - K\u00e9k Bolyg\u00f3 Alap\u00edtv\u00e1ny\" \/>\n<meta property=\"og:description\" content=\"[vc_row full_height=&#8221;yes&#8221; equal_height=&#8221;yes&#8221; content_placement=&#8221;middle&#8221; el_class=&#8221;contact-page&#8221;][vc_column width=&#8221;1\/3&#8243; offset=&#8221;vc_col-sm-offset-1&#8243;][vc_column_text css=&#8221;&#8221; el_class=&#8221;after-line-left-h1&#8243;] Contact contact@kbka.org H-1126 Budapest, Ugocsa street 4.\/b [\/vc_column_text][\/vc_column][vc_column width=&#8221;1\/2&#8243; offset=&#8221;vc_col-sm-offset-1&#8243;][\/vc_column][\/vc_row]\" \/>\n<meta property=\"og:url\" content=\"https:\/\/kekbolygoalapitvany.hu\/en\/contact\/\" \/>\n<meta property=\"og:site_name\" content=\"K\u00e9k Bolyg\u00f3 Alap\u00edtv\u00e1ny\" \/>\n<meta property=\"article:modified_time\" content=\"2025-05-08T11:21:57+00:00\" \/>\n<meta property=\"og:image\" content=\"https:\/\/kekbolygoalapitvany.hu\/wp-content\/uploads\/2021\/11\/kek-bolygo-kapcsolat.jpg\" \/>\n\t<meta property=\"og:image:width\" content=\"1956\" \/>\n\t<meta property=\"og:image:height\" content=\"1956\" \/>\n\t<meta property=\"og:image:type\" content=\"image\/jpeg\" \/>\n<meta name=\"twitter:card\" content=\"summary_large_image\" \/>\n<meta name=\"twitter:label1\" content=\"Est. reading time\" \/>\n\t<meta name=\"twitter:data1\" content=\"2 minutes\" \/>\n<script type=\"application\/ld+json\" class=\"yoast-schema-graph\">{\"@context\":\"https:\/\/schema.org\",\"@graph\":[{\"@type\":\"WebPage\",\"@id\":\"https:\/\/kekbolygoalapitvany.hu\/en\/contact\/\",\"url\":\"https:\/\/kekbolygoalapitvany.hu\/en\/contact\/\",\"name\":\"Contact - K\u00e9k Bolyg\u00f3 Alap\u00edtv\u00e1ny\",\"isPartOf\":{\"@id\":\"https:\/\/kekbolygoalapitvany.hu\/#website\"},\"primaryImageOfPage\":{\"@id\":\"https:\/\/kekbolygoalapitvany.hu\/en\/contact\/#primaryimage\"},\"image\":{\"@id\":\"https:\/\/kekbolygoalapitvany.hu\/en\/contact\/#primaryimage\"},\"thumbnailUrl\":\"https:\/\/kekbolygoalapitvany.hu\/wp-content\/uploads\/2021\/11\/kek-bolygo-kapcsolat.jpg\",\"datePublished\":\"2021-10-22T12:46:09+00:00\",\"dateModified\":\"2025-05-08T11:21:57+00:00\",\"breadcrumb\":{\"@id\":\"https:\/\/kekbolygoalapitvany.hu\/en\/contact\/#breadcrumb\"},\"inLanguage\":\"en-US\",\"potentialAction\":[{\"@type\":\"ReadAction\",\"target\":[\"https:\/\/kekbolygoalapitvany.hu\/en\/contact\/\"]}]},{\"@type\":\"ImageObject\",\"inLanguage\":\"en-US\",\"@id\":\"https:\/\/kekbolygoalapitvany.hu\/en\/contact\/#primaryimage\",\"url\":\"https:\/\/kekbolygoalapitvany.hu\/wp-content\/uploads\/2021\/11\/kek-bolygo-kapcsolat.jpg\",\"contentUrl\":\"https:\/\/kekbolygoalapitvany.hu\/wp-content\/uploads\/2021\/11\/kek-bolygo-kapcsolat.jpg\",\"width\":1956,\"height\":1956},{\"@type\":\"BreadcrumbList\",\"@id\":\"https:\/\/kekbolygoalapitvany.hu\/en\/contact\/#breadcrumb\",\"itemListElement\":[{\"@type\":\"ListItem\",\"position\":1,\"name\":\"Kezd\u0151lap\",\"item\":\"https:\/\/kekbolygoalapitvany.hu\/en\/\"},{\"@type\":\"ListItem\",\"position\":2,\"name\":\"Contact\"}]},{\"@type\":\"WebSite\",\"@id\":\"https:\/\/kekbolygoalapitvany.hu\/#website\",\"url\":\"https:\/\/kekbolygoalapitvany.hu\/\",\"name\":\"K\u00e9k Bolyg\u00f3 Alap\u00edtv\u00e1ny\",\"description\":\"\",\"potentialAction\":[{\"@type\":\"SearchAction\",\"target\":{\"@type\":\"EntryPoint\",\"urlTemplate\":\"https:\/\/kekbolygoalapitvany.hu\/?s={search_term_string}\"},\"query-input\":{\"@type\":\"PropertyValueSpecification\",\"valueRequired\":true,\"valueName\":\"search_term_string\"}}],\"inLanguage\":\"en-US\"}]}<\/script>\n<!-- \/ Yoast SEO plugin. -->","yoast_head_json":{"title":"Contact - K\u00e9k Bolyg\u00f3 Alap\u00edtv\u00e1ny","robots":{"index":"index","follow":"follow","max-snippet":"max-snippet:-1","max-image-preview":"max-image-preview:large","max-video-preview":"max-video-preview:-1"},"canonical":"https:\/\/kekbolygoalapitvany.hu\/en\/contact\/","og_locale":"en_US","og_type":"article","og_title":"Contact - K\u00e9k Bolyg\u00f3 Alap\u00edtv\u00e1ny","og_description":"[vc_row full_height=&#8221;yes&#8221; equal_height=&#8221;yes&#8221; content_placement=&#8221;middle&#8221; el_class=&#8221;contact-page&#8221;][vc_column width=&#8221;1\/3&#8243; offset=&#8221;vc_col-sm-offset-1&#8243;][vc_column_text css=&#8221;&#8221; el_class=&#8221;after-line-left-h1&#8243;] Contact contact@kbka.org H-1126 Budapest, Ugocsa street 4.\/b [\/vc_column_text][\/vc_column][vc_column width=&#8221;1\/2&#8243; offset=&#8221;vc_col-sm-offset-1&#8243;][\/vc_column][\/vc_row]","og_url":"https:\/\/kekbolygoalapitvany.hu\/en\/contact\/","og_site_name":"K\u00e9k Bolyg\u00f3 Alap\u00edtv\u00e1ny","article_modified_time":"2025-05-08T11:21:57+00:00","og_image":[{"width":1956,"height":1956,"url":"https:\/\/kekbolygoalapitvany.hu\/wp-content\/uploads\/2021\/11\/kek-bolygo-kapcsolat.jpg","type":"image\/jpeg"}],"twitter_card":"summary_large_image","twitter_misc":{"Est. reading time":"2 minutes"},"schema":{"@context":"https:\/\/schema.org","@graph":[{"@type":"WebPage","@id":"https:\/\/kekbolygoalapitvany.hu\/en\/contact\/","url":"https:\/\/kekbolygoalapitvany.hu\/en\/contact\/","name":"Contact - K\u00e9k Bolyg\u00f3 Alap\u00edtv\u00e1ny","isPartOf":{"@id":"https:\/\/kekbolygoalapitvany.hu\/#website"},"primaryImageOfPage":{"@id":"https:\/\/kekbolygoalapitvany.hu\/en\/contact\/#primaryimage"},"image":{"@id":"https:\/\/kekbolygoalapitvany.hu\/en\/contact\/#primaryimage"},"thumbnailUrl":"https:\/\/kekbolygoalapitvany.hu\/wp-content\/uploads\/2021\/11\/kek-bolygo-kapcsolat.jpg","datePublished":"2021-10-22T12:46:09+00:00","dateModified":"2025-05-08T11:21:57+00:00","breadcrumb":{"@id":"https:\/\/kekbolygoalapitvany.hu\/en\/contact\/#breadcrumb"},"inLanguage":"en-US","potentialAction":[{"@type":"ReadAction","target":["https:\/\/kekbolygoalapitvany.hu\/en\/contact\/"]}]},{"@type":"ImageObject","inLanguage":"en-US","@id":"https:\/\/kekbolygoalapitvany.hu\/en\/contact\/#primaryimage","url":"https:\/\/kekbolygoalapitvany.hu\/wp-content\/uploads\/2021\/11\/kek-bolygo-kapcsolat.jpg","contentUrl":"https:\/\/kekbolygoalapitvany.hu\/wp-content\/uploads\/2021\/11\/kek-bolygo-kapcsolat.jpg","width":1956,"height":1956},{"@type":"BreadcrumbList","@id":"https:\/\/kekbolygoalapitvany.hu\/en\/contact\/#breadcrumb","itemListElement":[{"@type":"ListItem","position":1,"name":"Kezd\u0151lap","item":"https:\/\/kekbolygoalapitvany.hu\/en\/"},{"@type":"ListItem","position":2,"name":"Contact"}]},{"@type":"WebSite","@id":"https:\/\/kekbolygoalapitvany.hu\/#website","url":"https:\/\/kekbolygoalapitvany.hu\/","name":"K\u00e9k Bolyg\u00f3 Alap\u00edtv\u00e1ny","description":"","potentialAction":[{"@type":"SearchAction","target":{"@type":"EntryPoint","urlTemplate":"https:\/\/kekbolygoalapitvany.hu\/?s={search_term_string}"},"query-input":{"@type":"PropertyValueSpecification","valueRequired":true,"valueName":"search_term_string"}}],"inLanguage":"en-US"}]}},"_links":{"self":[{"href":"https:\/\/kekbolygoalapitvany.hu\/en\/wp-json\/wp\/v2\/pages\/6800","targetHints":{"allow":["GET"]}}],"collection":[{"href":"https:\/\/kekbolygoalapitvany.hu\/en\/wp-json\/wp\/v2\/pages"}],"about":[{"href":"https:\/\/kekbolygoalapitvany.hu\/en\/wp-json\/wp\/v2\/types\/page"}],"author":[{"embeddable":true,"href":"https:\/\/kekbolygoalapitvany.hu\/en\/wp-json\/wp\/v2\/users\/2"}],"replies":[{"embeddable":true,"href":"https:\/\/kekbolygoalapitvany.hu\/en\/wp-json\/wp\/v2\/comments?post=6800"}],"version-history":[{"count":4,"href":"https:\/\/kekbolygoalapitvany.hu\/en\/wp-json\/wp\/v2\/pages\/6800\/revisions"}],"predecessor-version":[{"id":8202,"href":"https:\/\/kekbolygoalapitvany.hu\/en\/wp-json\/wp\/v2\/pages\/6800\/revisions\/8202"}],"wp:featuredmedia":[{"embeddable":true,"href":"https:\/\/kekbolygoalapitvany.hu\/en\/wp-json\/wp\/v2\/media\/5904"}],"wp:attachment":[{"href":"https:\/\/kekbolygoalapitvany.hu\/en\/wp-json\/wp\/v2\/media?parent=6800"}],"curies":[{"name":"wp","href":"https:\/\/api.w.org\/{rel}","templated":true}]}}