{"id":6804,"date":"2021-10-22T14:45:36","date_gmt":"2021-10-22T12:45:36","guid":{"rendered":"https:\/\/kekbolygoalapitvany.hu\/about-us\/"},"modified":"2024-07-11T10:34:11","modified_gmt":"2024-07-11T08:34:11","slug":"about-us","status":"publish","type":"page","link":"https:\/\/kekbolygoalapitvany.hu\/en\/about-us\/","title":{"rendered":"About Us"},"content":{"rendered":"<div class=\"wpb-content-wrapper\"><p>[vc_row full_width=&#8221;stretch_row&#8221; content_placement=&#8221;middle&#8221; parallax=&#8221;content-moving&#8221; parallax_image=&#8221;1990&#8243; css=&#8221;.vc_custom_1637049839185{background-color: #071e4f !important;background-position: center;background-repeat: no-repeat !important;background-size: cover !important;}&#8221; el_class=&#8221;hero-header&#8221;][vc_column][vc_column_text]<\/p>\n<h1 style=\"text-align: center;\">About us<\/h1>\n<p>[\/vc_column_text][\/vc_column][\/vc_row][vc_row css=&#8221;.vc_custom_1636020309755{padding-top: 150px !important;padding-bottom: 110px !important;}&#8221;][vc_column width=&#8221;5\/6&#8243; offset=&#8221;vc_col-sm-offset-1&#8243;][vc_column_text el_class=&#8221;font-size-40-h-title&#8221;]<\/p>\n<h3>The Blue Planet Foundation was established in 2016 by J\u00e1nos \u00c1der, President of Hungary<span class=\"color-light-gray-h\"> in order to raise the society&#8217;s environmental awareness within and beyond the borders of Hungary.<\/span><\/h3>\n<p>[\/vc_column_text][\/vc_column][\/vc_row][vc_row equal_height=&#8221;yes&#8221; content_placement=&#8221;middle&#8221; disable_element=&#8221;yes&#8221; css=&#8221;.vc_custom_1710851488973{padding-bottom: 100px !important;}&#8221;][vc_column width=&#8221;5\/12&#8243; offset=&#8221;vc_col-sm-offset-1&#8243;][vc_column_text el_class=&#8221;after-line-left&#8221;]<\/p>\n<h3>News<\/h3>\n<p>[\/vc_column_text]<style type=\"text\/css\" data-type=\"the7_shortcodes-inline-css\">#default-btn-080c7e7c54020250e0f159ebc9ea2f0f.ico-right-side > i {\n  margin-right: 0px;\n  margin-left: 8px;\n}\n#default-btn-080c7e7c54020250e0f159ebc9ea2f0f > i {\n  margin-right: 8px;\n}<\/style><div class=\"btn-align-left\"><a href=\"https:\/\/kekbolygoalapitvany.hu\/news\/ \u200e\" class=\"default-btn-shortcode dt-btn dt-btn-l link-hover-off \" id=\"default-btn-080c7e7c54020250e0f159ebc9ea2f0f\" title=\"News\"><span>Read more<\/span><\/a><\/div>[\/vc_column][vc_column width=&#8221;1\/3&#8243; offset=&#8221;vc_col-sm-offset-1&#8243;]<style type=\"text\/css\" data-type=\"the7_shortcodes-inline-css\">.shortcode-single-image-wrap.shortcode-single-image-c88354580e78d5070d20d969aee4f8e4.enable-bg-rollover .rollover i,\n.shortcode-single-image-wrap.shortcode-single-image-c88354580e78d5070d20d969aee4f8e4.enable-bg-rollover .rollover-video i {\n  background: -webkit-linear-gradient();\n  background: linear-gradient();\n}\n.shortcode-single-image-wrap.shortcode-single-image-c88354580e78d5070d20d969aee4f8e4 .rollover-icon {\n  font-size: 32px;\n  color: #ffffff;\n  min-width: 44px;\n  min-height: 44px;\n  line-height: 44px;\n  border-radius: 100px;\n  border-style: solid;\n  border-width: 0px;\n}\n.dt-icon-bg-on.shortcode-single-image-wrap.shortcode-single-image-c88354580e78d5070d20d969aee4f8e4 .rollover-icon {\n  background: rgba(255,255,255,0.3);\n  box-shadow: none;\n}<\/style><div class=\"shortcode-single-image-wrap shortcode-single-image-c88354580e78d5070d20d969aee4f8e4 alignnone  enable-bg-rollover dt-icon-bg-off\" style=\"margin-top:0px; margin-bottom:0px; margin-left:0px; margin-right:0px;\"><div class=\"shortcode-single-image\"><div class=\"fancy-media-wrap  layzr-bg\" style=\"border-radius:500px;\"><img fetchpriority=\"high\" decoding=\"async\" class=\"preload-me lazy-load aspect\" src=\"data:image\/svg+xml,%3Csvg%20xmlns%3D&#39;http%3A%2F%2Fwww.w3.org%2F2000%2Fsvg&#39;%20viewBox%3D&#39;0%200%201400%201400&#39;%2F%3E\" data-src=\"https:\/\/kekbolygoalapitvany.hu\/wp-content\/uploads\/2021\/10\/hirek.jpg\" data-srcset=\"https:\/\/kekbolygoalapitvany.hu\/wp-content\/uploads\/2021\/10\/hirek.jpg 1400w\" loading=\"eager\" sizes=\"(max-width: 1400px) 100vw, 1400px\" width=\"1400\" height=\"1400\"  data-dt-location=\"https:\/\/kekbolygoalapitvany.hu\/en\/fooldal\/attachment\/hirek\/\" style=\"--ratio: 1400 \/ 1400;border-radius:500px;\" alt=\"\" \/><\/div><\/div><\/div><div class=\"ult-spacer spacer-69ef20609c746\" data-id=\"69ef20609c746\" data-height=\"0\" data-height-mobile=\"30\" data-height-tab=\"0\" data-height-tab-portrait=\"0\" data-height-mobile-landscape=\"30\" style=\"clear:both;display:block;\"><\/div>[\/vc_column][\/vc_row][vc_row equal_height=&#8221;yes&#8221; content_placement=&#8221;middle&#8221; css=&#8221;.vc_custom_1636473792066{padding-bottom: 100px !important;}&#8221;][vc_column width=&#8221;5\/12&#8243; offset=&#8221;vc_col-sm-offset-1&#8243;]<style type=\"text\/css\" data-type=\"the7_shortcodes-inline-css\">.shortcode-single-image-wrap.shortcode-single-image-2d107ae20b488888558e373c42721b72.enable-bg-rollover .rollover i,\n.shortcode-single-image-wrap.shortcode-single-image-2d107ae20b488888558e373c42721b72.enable-bg-rollover .rollover-video i {\n  background: -webkit-linear-gradient();\n  background: linear-gradient();\n}\n.shortcode-single-image-wrap.shortcode-single-image-2d107ae20b488888558e373c42721b72 .rollover-icon {\n  font-size: 32px;\n  color: #ffffff;\n  min-width: 44px;\n  min-height: 44px;\n  line-height: 44px;\n  border-radius: 100px;\n  border-style: solid;\n  border-width: 0px;\n}\n.dt-icon-bg-on.shortcode-single-image-wrap.shortcode-single-image-2d107ae20b488888558e373c42721b72 .rollover-icon {\n  background: rgba(255,255,255,0.3);\n  box-shadow: none;\n}<\/style><div class=\"shortcode-single-image-wrap shortcode-single-image-2d107ae20b488888558e373c42721b72 alignnone  enable-bg-rollover dt-icon-bg-off\" style=\"margin-top:0px; margin-bottom:0px; margin-left:0px; margin-right:0px;\"><div class=\"shortcode-single-image\"><div class=\"fancy-media-wrap  layzr-bg\" style=\"border-radius:500px;\"><img decoding=\"async\" class=\"preload-me lazy-load aspect\" src=\"data:image\/svg+xml,%3Csvg%20xmlns%3D&#39;http%3A%2F%2Fwww.w3.org%2F2000%2Fsvg&#39;%20viewBox%3D&#39;0%200%201040%201040&#39;%2F%3E\" data-src=\"https:\/\/kekbolygoalapitvany.hu\/wp-content\/uploads\/2021\/11\/your-planet-circle-1.jpg\" data-srcset=\"https:\/\/kekbolygoalapitvany.hu\/wp-content\/uploads\/2021\/11\/your-planet-circle-1.jpg 1040w\" loading=\"eager\" sizes=\"(max-width: 1040px) 100vw, 1040px\" width=\"1040\" height=\"1040\"  data-dt-location=\"https:\/\/kekbolygoalapitvany.hu\/en\/tarsadalom\/attachment\/your-planet-circle-2\/\" style=\"--ratio: 1040 \/ 1040;border-radius:500px;\" alt=\"\" \/><\/div><\/div><\/div><div class=\"ult-spacer spacer-69ef20609dbc0\" data-id=\"69ef20609dbc0\" data-height=\"0\" data-height-mobile=\"30\" data-height-tab=\"0\" data-height-tab-portrait=\"0\" data-height-mobile-landscape=\"30\" style=\"clear:both;display:block;\"><\/div>[\/vc_column][vc_column width=&#8221;1\/3&#8243; offset=&#8221;vc_col-sm-offset-1&#8243;][vc_column_text el_class=&#8221;font-size-medium&#8221;]<strong>The Foundation was established by a will to take action and a recognition that there have been discourses on the dangers of climate change for decades,<\/strong> but very little was actually done. For the past twenty-five years the prognosis has been increasingly alarming, but we still haven\u2019t found a solution to the dilemma that while during the past century the population of the Earth more than tripled, our energy consumption increased tenfold.[\/vc_column_text][\/vc_column][\/vc_row][vc_row equal_height=&#8221;yes&#8221; content_placement=&#8221;middle&#8221; css=&#8221;.vc_custom_1636473792066{padding-bottom: 100px !important;}&#8221;][vc_column width=&#8221;5\/12&#8243; offset=&#8221;vc_col-sm-offset-1&#8243;][vc_column_text el_class=&#8221;font-size-medium&#8221;]<strong>The Foundation primarily focuses on increasing the sensitivity of the society to environmental and sustainability issues and involving local communities to solve them through developing a sense of personal environmental responsibility and commitment to take action on climate change.<\/strong>[\/vc_column_text][\/vc_column][vc_column width=&#8221;1\/3&#8243; offset=&#8221;vc_col-sm-offset-1&#8243;]<style type=\"text\/css\" data-type=\"the7_shortcodes-inline-css\">.shortcode-single-image-wrap.shortcode-single-image-0ad395be667f8c85b42d3eb6607e8702.enable-bg-rollover .rollover i,\n.shortcode-single-image-wrap.shortcode-single-image-0ad395be667f8c85b42d3eb6607e8702.enable-bg-rollover .rollover-video i {\n  background: -webkit-linear-gradient();\n  background: linear-gradient();\n}\n.shortcode-single-image-wrap.shortcode-single-image-0ad395be667f8c85b42d3eb6607e8702 .rollover-icon {\n  font-size: 32px;\n  color: #ffffff;\n  min-width: 44px;\n  min-height: 44px;\n  line-height: 44px;\n  border-radius: 100px;\n  border-style: solid;\n  border-width: 0px;\n}\n.dt-icon-bg-on.shortcode-single-image-wrap.shortcode-single-image-0ad395be667f8c85b42d3eb6607e8702 .rollover-icon {\n  background: rgba(255,255,255,0.3);\n  box-shadow: none;\n}<\/style><div class=\"shortcode-single-image-wrap shortcode-single-image-0ad395be667f8c85b42d3eb6607e8702 alignnone  enable-bg-rollover dt-icon-bg-off\" style=\"margin-top:0px; margin-bottom:0px; margin-left:0px; margin-right:0px;\"><div class=\"shortcode-single-image\"><div class=\"fancy-media-wrap  layzr-bg\" style=\"border-radius:500px;\"><img decoding=\"async\" class=\"preload-me lazy-load aspect\" src=\"data:image\/svg+xml,%3Csvg%20xmlns%3D&#39;http%3A%2F%2Fwww.w3.org%2F2000%2Fsvg&#39;%20viewBox%3D&#39;0%200%201040%201040&#39;%2F%3E\" data-src=\"https:\/\/kekbolygoalapitvany.hu\/wp-content\/uploads\/2021\/11\/fenntarthatosagi-temahet-celja.jpg\" data-srcset=\"https:\/\/kekbolygoalapitvany.hu\/wp-content\/uploads\/2021\/11\/fenntarthatosagi-temahet-celja.jpg 1040w\" loading=\"eager\" sizes=\"(max-width: 1040px) 100vw, 1040px\" width=\"1040\" height=\"1040\"  data-dt-location=\"https:\/\/kekbolygoalapitvany.hu\/en\/oktatas\/fenntarthatosagi-temahet\/attachment\/fenntarthatosagi-temahet-celja\/\" style=\"--ratio: 1040 \/ 1040;border-radius:500px;\" alt=\"\" \/><\/div><\/div><\/div><div class=\"ult-spacer spacer-69ef20609f366\" data-id=\"69ef20609f366\" data-height=\"0\" data-height-mobile=\"30\" data-height-tab=\"0\" data-height-tab-portrait=\"0\" data-height-mobile-landscape=\"30\" style=\"clear:both;display:block;\"><\/div>[\/vc_column][\/vc_row][vc_row css=&#8221;.vc_custom_1654081479338{padding-top: 110px !important;padding-bottom: 110px !important;}&#8221;][vc_column width=&#8221;5\/6&#8243; offset=&#8221;vc_col-sm-offset-1&#8243;][vc_column_text]<\/p>\n<h3>To this end, the Foundation prioritises on<\/h3>\n<p>&nbsp;<\/p>\n<ul>\n<li>designing and developing multi-level education focused on environmental and climate change awareness,<\/li>\n<li>expanding the environmental awareness of the society,<\/li>\n<li>changing the attitudes, behaviours of producer and consumer habits and aspirations of individuals and society, in the context of environmental protection and climate,<\/li>\n<li>shifting and developing a new relationship between society and the environment,<\/li>\n<li>supporting the mitigation of the effects of climate change and the adaptation programs of communities on local and national levels<\/li>\n<\/ul>\n<p>[\/vc_column_text][\/vc_column][\/vc_row]<\/p>\n<\/div>","protected":false},"excerpt":{"rendered":"<p>[vc_row full_width=&#8221;stretch_row&#8221; content_placement=&#8221;middle&#8221; parallax=&#8221;content-moving&#8221; parallax_image=&#8221;1990&#8243; css=&#8221;.vc_custom_1637049839185{background-color: #071e4f !important;background-position: center;background-repeat: no-repeat !important;background-size: cover !important;}&#8221; el_class=&#8221;hero-header&#8221;][vc_column][vc_column_text] About us [\/vc_column_text][\/vc_column][\/vc_row][vc_row css=&#8221;.vc_custom_1636020309755{padding-top: 150px !important;padding-bottom: 110px !important;}&#8221;][vc_column width=&#8221;5\/6&#8243; offset=&#8221;vc_col-sm-offset-1&#8243;][vc_column_text el_class=&#8221;font-size-40-h-title&#8221;] The Blue Planet Foundation was established in 2016 by J\u00e1nos \u00c1der, President of Hungary in order to raise the society&#8217;s environmental awareness within and beyond the borders of Hungary. [\/vc_column_text][\/vc_column][\/vc_row][vc_row&hellip;<\/p>\n","protected":false},"author":2,"featured_media":6269,"parent":0,"menu_order":0,"comment_status":"closed","ping_status":"closed","template":"","meta":{"_acf_changed":false,"footnotes":""},"class_list":["post-6804","page","type-page","status-publish","has-post-thumbnail","hentry","description-off"],"acf":[],"yoast_head":"<!-- This site is optimized with the Yoast SEO plugin v27.4 - https:\/\/yoast.com\/product\/yoast-seo-wordpress\/ -->\n<title>About Us - K\u00e9k Bolyg\u00f3 Alap\u00edtv\u00e1ny<\/title>\n<meta name=\"robots\" content=\"index, follow, max-snippet:-1, max-image-preview:large, max-video-preview:-1\" \/>\n<link rel=\"canonical\" href=\"https:\/\/kekbolygoalapitvany.hu\/en\/about-us\/\" \/>\n<meta property=\"og:locale\" content=\"en_US\" \/>\n<meta property=\"og:type\" content=\"article\" \/>\n<meta property=\"og:title\" content=\"About Us - K\u00e9k Bolyg\u00f3 Alap\u00edtv\u00e1ny\" \/>\n<meta property=\"og:description\" content=\"[vc_row full_width=&#8221;stretch_row&#8221; content_placement=&#8221;middle&#8221; parallax=&#8221;content-moving&#8221; parallax_image=&#8221;1990&#8243; css=&#8221;.vc_custom_1637049839185{background-color: #071e4f !important;background-position: center;background-repeat: no-repeat !important;background-size: cover !important;}&#8221; el_class=&#8221;hero-header&#8221;][vc_column][vc_column_text] About us [\/vc_column_text][\/vc_column][\/vc_row][vc_row css=&#8221;.vc_custom_1636020309755{padding-top: 150px !important;padding-bottom: 110px !important;}&#8221;][vc_column width=&#8221;5\/6&#8243; offset=&#8221;vc_col-sm-offset-1&#8243;][vc_column_text el_class=&#8221;font-size-40-h-title&#8221;] The Blue Planet Foundation was established in 2016 by J\u00e1nos \u00c1der, President of Hungary in order to raise the society&#8217;s environmental awareness within and beyond the borders of Hungary. [\/vc_column_text][\/vc_column][\/vc_row][vc_row&hellip;\" \/>\n<meta property=\"og:url\" content=\"https:\/\/kekbolygoalapitvany.hu\/en\/about-us\/\" \/>\n<meta property=\"og:site_name\" content=\"K\u00e9k Bolyg\u00f3 Alap\u00edtv\u00e1ny\" \/>\n<meta property=\"article:modified_time\" content=\"2024-07-11T08:34:11+00:00\" \/>\n<meta property=\"og:image\" content=\"https:\/\/kekbolygoalapitvany.hu\/wp-content\/uploads\/2021\/11\/rolunk-head-bg-scaled.jpg\" \/>\n\t<meta property=\"og:image:width\" content=\"2560\" \/>\n\t<meta property=\"og:image:height\" content=\"1716\" \/>\n\t<meta property=\"og:image:type\" content=\"image\/jpeg\" \/>\n<meta name=\"twitter:card\" content=\"summary_large_image\" \/>\n<meta name=\"twitter:label1\" content=\"Est. reading time\" \/>\n\t<meta name=\"twitter:data1\" content=\"3 minutes\" \/>\n<script type=\"application\/ld+json\" class=\"yoast-schema-graph\">{\"@context\":\"https:\\\/\\\/schema.org\",\"@graph\":[{\"@type\":\"WebPage\",\"@id\":\"https:\\\/\\\/kekbolygoalapitvany.hu\\\/en\\\/about-us\\\/\",\"url\":\"https:\\\/\\\/kekbolygoalapitvany.hu\\\/en\\\/about-us\\\/\",\"name\":\"About Us - K\u00e9k Bolyg\u00f3 Alap\u00edtv\u00e1ny\",\"isPartOf\":{\"@id\":\"https:\\\/\\\/kekbolygoalapitvany.hu\\\/#website\"},\"primaryImageOfPage\":{\"@id\":\"https:\\\/\\\/kekbolygoalapitvany.hu\\\/en\\\/about-us\\\/#primaryimage\"},\"image\":{\"@id\":\"https:\\\/\\\/kekbolygoalapitvany.hu\\\/en\\\/about-us\\\/#primaryimage\"},\"thumbnailUrl\":\"https:\\\/\\\/kekbolygoalapitvany.hu\\\/wp-content\\\/uploads\\\/2021\\\/11\\\/rolunk-head-bg-scaled.jpg\",\"datePublished\":\"2021-10-22T12:45:36+00:00\",\"dateModified\":\"2024-07-11T08:34:11+00:00\",\"breadcrumb\":{\"@id\":\"https:\\\/\\\/kekbolygoalapitvany.hu\\\/en\\\/about-us\\\/#breadcrumb\"},\"inLanguage\":\"en-US\",\"potentialAction\":[{\"@type\":\"ReadAction\",\"target\":[\"https:\\\/\\\/kekbolygoalapitvany.hu\\\/en\\\/about-us\\\/\"]}]},{\"@type\":\"ImageObject\",\"inLanguage\":\"en-US\",\"@id\":\"https:\\\/\\\/kekbolygoalapitvany.hu\\\/en\\\/about-us\\\/#primaryimage\",\"url\":\"https:\\\/\\\/kekbolygoalapitvany.hu\\\/wp-content\\\/uploads\\\/2021\\\/11\\\/rolunk-head-bg-scaled.jpg\",\"contentUrl\":\"https:\\\/\\\/kekbolygoalapitvany.hu\\\/wp-content\\\/uploads\\\/2021\\\/11\\\/rolunk-head-bg-scaled.jpg\",\"width\":2560,\"height\":1716},{\"@type\":\"BreadcrumbList\",\"@id\":\"https:\\\/\\\/kekbolygoalapitvany.hu\\\/en\\\/about-us\\\/#breadcrumb\",\"itemListElement\":[{\"@type\":\"ListItem\",\"position\":1,\"name\":\"Kezd\u0151lap\",\"item\":\"https:\\\/\\\/kekbolygoalapitvany.hu\\\/en\\\/\"},{\"@type\":\"ListItem\",\"position\":2,\"name\":\"About Us\"}]},{\"@type\":\"WebSite\",\"@id\":\"https:\\\/\\\/kekbolygoalapitvany.hu\\\/#website\",\"url\":\"https:\\\/\\\/kekbolygoalapitvany.hu\\\/\",\"name\":\"K\u00e9k Bolyg\u00f3 Alap\u00edtv\u00e1ny\",\"description\":\"\",\"potentialAction\":[{\"@type\":\"SearchAction\",\"target\":{\"@type\":\"EntryPoint\",\"urlTemplate\":\"https:\\\/\\\/kekbolygoalapitvany.hu\\\/?s={search_term_string}\"},\"query-input\":{\"@type\":\"PropertyValueSpecification\",\"valueRequired\":true,\"valueName\":\"search_term_string\"}}],\"inLanguage\":\"en-US\"}]}<\/script>\n<!-- \/ Yoast SEO plugin. -->","yoast_head_json":{"title":"About Us - K\u00e9k Bolyg\u00f3 Alap\u00edtv\u00e1ny","robots":{"index":"index","follow":"follow","max-snippet":"max-snippet:-1","max-image-preview":"max-image-preview:large","max-video-preview":"max-video-preview:-1"},"canonical":"https:\/\/kekbolygoalapitvany.hu\/en\/about-us\/","og_locale":"en_US","og_type":"article","og_title":"About Us - K\u00e9k Bolyg\u00f3 Alap\u00edtv\u00e1ny","og_description":"[vc_row full_width=&#8221;stretch_row&#8221; content_placement=&#8221;middle&#8221; parallax=&#8221;content-moving&#8221; parallax_image=&#8221;1990&#8243; css=&#8221;.vc_custom_1637049839185{background-color: #071e4f !important;background-position: center;background-repeat: no-repeat !important;background-size: cover !important;}&#8221; el_class=&#8221;hero-header&#8221;][vc_column][vc_column_text] About us [\/vc_column_text][\/vc_column][\/vc_row][vc_row css=&#8221;.vc_custom_1636020309755{padding-top: 150px !important;padding-bottom: 110px !important;}&#8221;][vc_column width=&#8221;5\/6&#8243; offset=&#8221;vc_col-sm-offset-1&#8243;][vc_column_text el_class=&#8221;font-size-40-h-title&#8221;] The Blue Planet Foundation was established in 2016 by J\u00e1nos \u00c1der, President of Hungary in order to raise the society&#8217;s environmental awareness within and beyond the borders of Hungary. [\/vc_column_text][\/vc_column][\/vc_row][vc_row&hellip;","og_url":"https:\/\/kekbolygoalapitvany.hu\/en\/about-us\/","og_site_name":"K\u00e9k Bolyg\u00f3 Alap\u00edtv\u00e1ny","article_modified_time":"2024-07-11T08:34:11+00:00","og_image":[{"width":2560,"height":1716,"url":"https:\/\/kekbolygoalapitvany.hu\/wp-content\/uploads\/2021\/11\/rolunk-head-bg-scaled.jpg","type":"image\/jpeg"}],"twitter_card":"summary_large_image","twitter_misc":{"Est. reading time":"3 minutes"},"schema":{"@context":"https:\/\/schema.org","@graph":[{"@type":"WebPage","@id":"https:\/\/kekbolygoalapitvany.hu\/en\/about-us\/","url":"https:\/\/kekbolygoalapitvany.hu\/en\/about-us\/","name":"About Us - K\u00e9k Bolyg\u00f3 Alap\u00edtv\u00e1ny","isPartOf":{"@id":"https:\/\/kekbolygoalapitvany.hu\/#website"},"primaryImageOfPage":{"@id":"https:\/\/kekbolygoalapitvany.hu\/en\/about-us\/#primaryimage"},"image":{"@id":"https:\/\/kekbolygoalapitvany.hu\/en\/about-us\/#primaryimage"},"thumbnailUrl":"https:\/\/kekbolygoalapitvany.hu\/wp-content\/uploads\/2021\/11\/rolunk-head-bg-scaled.jpg","datePublished":"2021-10-22T12:45:36+00:00","dateModified":"2024-07-11T08:34:11+00:00","breadcrumb":{"@id":"https:\/\/kekbolygoalapitvany.hu\/en\/about-us\/#breadcrumb"},"inLanguage":"en-US","potentialAction":[{"@type":"ReadAction","target":["https:\/\/kekbolygoalapitvany.hu\/en\/about-us\/"]}]},{"@type":"ImageObject","inLanguage":"en-US","@id":"https:\/\/kekbolygoalapitvany.hu\/en\/about-us\/#primaryimage","url":"https:\/\/kekbolygoalapitvany.hu\/wp-content\/uploads\/2021\/11\/rolunk-head-bg-scaled.jpg","contentUrl":"https:\/\/kekbolygoalapitvany.hu\/wp-content\/uploads\/2021\/11\/rolunk-head-bg-scaled.jpg","width":2560,"height":1716},{"@type":"BreadcrumbList","@id":"https:\/\/kekbolygoalapitvany.hu\/en\/about-us\/#breadcrumb","itemListElement":[{"@type":"ListItem","position":1,"name":"Kezd\u0151lap","item":"https:\/\/kekbolygoalapitvany.hu\/en\/"},{"@type":"ListItem","position":2,"name":"About Us"}]},{"@type":"WebSite","@id":"https:\/\/kekbolygoalapitvany.hu\/#website","url":"https:\/\/kekbolygoalapitvany.hu\/","name":"K\u00e9k Bolyg\u00f3 Alap\u00edtv\u00e1ny","description":"","potentialAction":[{"@type":"SearchAction","target":{"@type":"EntryPoint","urlTemplate":"https:\/\/kekbolygoalapitvany.hu\/?s={search_term_string}"},"query-input":{"@type":"PropertyValueSpecification","valueRequired":true,"valueName":"search_term_string"}}],"inLanguage":"en-US"}]}},"_links":{"self":[{"href":"https:\/\/kekbolygoalapitvany.hu\/en\/wp-json\/wp\/v2\/pages\/6804","targetHints":{"allow":["GET"]}}],"collection":[{"href":"https:\/\/kekbolygoalapitvany.hu\/en\/wp-json\/wp\/v2\/pages"}],"about":[{"href":"https:\/\/kekbolygoalapitvany.hu\/en\/wp-json\/wp\/v2\/types\/page"}],"author":[{"embeddable":true,"href":"https:\/\/kekbolygoalapitvany.hu\/en\/wp-json\/wp\/v2\/users\/2"}],"replies":[{"embeddable":true,"href":"https:\/\/kekbolygoalapitvany.hu\/en\/wp-json\/wp\/v2\/comments?post=6804"}],"version-history":[{"count":3,"href":"https:\/\/kekbolygoalapitvany.hu\/en\/wp-json\/wp\/v2\/pages\/6804\/revisions"}],"predecessor-version":[{"id":8009,"href":"https:\/\/kekbolygoalapitvany.hu\/en\/wp-json\/wp\/v2\/pages\/6804\/revisions\/8009"}],"wp:featuredmedia":[{"embeddable":true,"href":"https:\/\/kekbolygoalapitvany.hu\/en\/wp-json\/wp\/v2\/media\/6269"}],"wp:attachment":[{"href":"https:\/\/kekbolygoalapitvany.hu\/en\/wp-json\/wp\/v2\/media?parent=6804"}],"curies":[{"name":"wp","href":"https:\/\/api.w.org\/{rel}","templated":true}]}}