{"id":6809,"date":"2021-10-22T14:42:53","date_gmt":"2021-10-22T12:42:53","guid":{"rendered":"https:\/\/kekbolygoalapitvany.hu\/business-development\/"},"modified":"2025-05-06T15:22:49","modified_gmt":"2025-05-06T13:22:49","slug":"business-development","status":"publish","type":"page","link":"https:\/\/kekbolygoalapitvany.hu\/en\/business-development\/","title":{"rendered":"Business Development"},"content":{"rendered":"<div class=\"wpb-content-wrapper\"><p>[vc_row full_width=&#8221;stretch_row&#8221; full_height=&#8221;yes&#8221; content_placement=&#8221;middle&#8221; css=&#8221;.vc_custom_1636556522570{background: #cecece url(https:\/\/kekbolygoalapitvany.hu\/wp-content\/uploads\/2021\/11\/nature-head-bg-scaled.jpg?id=996) !important;background-position: center !important;background-repeat: no-repeat !important;background-size: cover !important;}&#8221; el_class=&#8221;hero-header&#8221;][vc_column width=&#8221;2\/3&#8243;][vc_column_text css=&#8221;&#8221;]<\/p>\n<h1>Business Development<\/h1>\n<p>[\/vc_column_text][\/vc_column][\/vc_row][vc_row css=&#8221;.vc_custom_1636020309755{padding-top: 150px !important;padding-bottom: 110px !important;}&#8221;][vc_column width=&#8221;5\/6&#8243; offset=&#8221;vc_col-sm-offset-1&#8243;][vc_column_text css=&#8221;&#8221; el_class=&#8221;font-size-40-h-title&#8221;]<\/p>\n<h3 style=\"text-align: center;\"><strong>Initiatives for Sustainable Economic Development<\/strong><\/h3>\n<p>[\/vc_column_text][\/vc_column][\/vc_row][vc_row equal_height=&#8221;yes&#8221; content_placement=&#8221;middle&#8221; css=&#8221;.vc_custom_1636473792066{padding-bottom: 100px !important;}&#8221;][vc_column width=&#8221;5\/12&#8243; offset=&#8221;vc_col-sm-offset-1&#8243;]<style type=\"text\/css\" data-type=\"the7_shortcodes-inline-css\">.shortcode-single-image-wrap.shortcode-single-image-04a07e3b0fa2bfa5f9e7df0771242a44.enable-bg-rollover .rollover i,\n.shortcode-single-image-wrap.shortcode-single-image-04a07e3b0fa2bfa5f9e7df0771242a44.enable-bg-rollover .rollover-video i {\n  background: -webkit-linear-gradient();\n  background: linear-gradient();\n}\n.shortcode-single-image-wrap.shortcode-single-image-04a07e3b0fa2bfa5f9e7df0771242a44 .rollover-icon {\n  font-size: 32px;\n  color: #ffffff;\n  min-width: 44px;\n  min-height: 44px;\n  line-height: 44px;\n  border-radius: 100px;\n  border-style: solid;\n  border-width: 0px;\n}\n.dt-icon-bg-on.shortcode-single-image-wrap.shortcode-single-image-04a07e3b0fa2bfa5f9e7df0771242a44 .rollover-icon {\n  background: rgba(255,255,255,0.3);\n  box-shadow: none;\n}<\/style><div class=\"shortcode-single-image-wrap shortcode-single-image-04a07e3b0fa2bfa5f9e7df0771242a44 alignnone  enable-bg-rollover dt-icon-bg-off\" style=\"margin-top:0px; margin-bottom:0px; margin-left:0px; margin-right:0px;\"><div class=\"shortcode-single-image\"><div class=\"fancy-media-wrap  layzr-bg\" style=\"border-radius:500px;\"><img fetchpriority=\"high\" decoding=\"async\" class=\"preload-me lazy-load aspect\" src=\"data:image\/svg+xml,%3Csvg%20xmlns%3D&#39;http%3A%2F%2Fwww.w3.org%2F2000%2Fsvg&#39;%20viewBox%3D&#39;0%200%201040%201040&#39;%2F%3E\" data-src=\"https:\/\/kekbolygoalapitvany.hu\/wp-content\/uploads\/2021\/11\/nature-circle.jpg\" data-srcset=\"https:\/\/kekbolygoalapitvany.hu\/wp-content\/uploads\/2021\/11\/nature-circle.jpg 1040w\" loading=\"eager\" sizes=\"(max-width: 1040px) 100vw, 1040px\" width=\"1040\" height=\"1040\"  data-dt-location=\"https:\/\/kekbolygoalapitvany.hu\/en\/vallalkozasfejlesztes\/attachment\/nature-circle\/\" style=\"--ratio: 1040 \/ 1040;border-radius:500px;\" alt=\"\" \/><\/div><\/div><\/div><div class=\"ult-spacer spacer-69e3c6b7b57ac\" data-id=\"69e3c6b7b57ac\" data-height=\"0\" data-height-mobile=\"30\" data-height-tab=\"0\" data-height-tab-portrait=\"0\" data-height-mobile-landscape=\"30\" style=\"clear:both;display:block;\"><\/div>[\/vc_column][vc_column width=&#8221;1\/3&#8243; offset=&#8221;vc_col-sm-offset-1&#8243;][vc_column_text css=&#8221;&#8221; el_class=&#8221;font-size-15&#8243;]Besides running and supporting educational programmes, professional projects, national and international policies, we also provide venture capital to early-stage start-ups developing environmental sustainability solutions.<\/p>\n<p>In addition to capital investment, we aid the region\u2019s innovational ecosystem and sustainable economic development with acceleration and community-building programmes.[\/vc_column_text][\/vc_column][\/vc_row][vc_section full_width=&#8221;stretch_row&#8221; css=&#8221;.vc_custom_1636477457936{padding-top: 100px !important;padding-bottom: 25px !important;background-color: #f9f4e7 !important;}&#8221;][vc_row equal_height=&#8221;yes&#8221; content_placement=&#8221;middle&#8221; css=&#8221;.vc_custom_1636474899824{margin-right: 0px !important;margin-bottom: 75px !important;margin-left: 0px !important;padding-top: 20px !important;padding-right: 5px !important;padding-bottom: 20px !important;padding-left: 5px !important;background-color: #ffffff !important;border-radius: 20px !important;}&#8221; el_class=&#8221;box-shadow-design featured-box&#8221;][vc_column width=&#8221;1\/2&#8243;]<style type=\"text\/css\" data-type=\"the7_shortcodes-inline-css\">.shortcode-single-image-wrap.shortcode-single-image-2736b9f02c60b5dada751d93dc402d40.enable-bg-rollover .rollover i,\n.shortcode-single-image-wrap.shortcode-single-image-2736b9f02c60b5dada751d93dc402d40.enable-bg-rollover .rollover-video i {\n  background: -webkit-linear-gradient();\n  background: linear-gradient();\n}\n.shortcode-single-image-wrap.shortcode-single-image-2736b9f02c60b5dada751d93dc402d40 .rollover-icon {\n  font-size: 32px;\n  color: #ffffff;\n  min-width: 44px;\n  min-height: 44px;\n  line-height: 44px;\n  border-radius: 100px;\n  border-style: solid;\n  border-width: 0px;\n}\n.dt-icon-bg-on.shortcode-single-image-wrap.shortcode-single-image-2736b9f02c60b5dada751d93dc402d40 .rollover-icon {\n  background: rgba(255,255,255,0.3);\n  box-shadow: none;\n}<\/style><div class=\"shortcode-single-image-wrap shortcode-single-image-2736b9f02c60b5dada751d93dc402d40 alignnone  enable-bg-rollover dt-icon-bg-off\" style=\"margin-top:0px; margin-bottom:0px; margin-left:0px; margin-right:0px;\"><div class=\"shortcode-single-image\"><div class=\"fancy-media-wrap  layzr-bg\" style=\"border-radius:15px;\"><img decoding=\"async\" class=\"preload-me lazy-load aspect\" src=\"data:image\/svg+xml,%3Csvg%20xmlns%3D&#39;http%3A%2F%2Fwww.w3.org%2F2000%2Fsvg&#39;%20viewBox%3D&#39;0%200%20624%20624&#39;%2F%3E\" data-src=\"https:\/\/kekbolygoalapitvany.hu\/wp-content\/uploads\/2024\/07\/tokealapkep.png\" data-srcset=\"https:\/\/kekbolygoalapitvany.hu\/wp-content\/uploads\/2024\/07\/tokealapkep.png 624w\" loading=\"eager\" sizes=\"(max-width: 624px) 100vw, 624px\" width=\"624\" height=\"624\"  data-dt-location=\"https:\/\/kekbolygoalapitvany.hu\/en\/vallalkozasfejlesztes\/attachment\/tokealapkep\/\" style=\"--ratio: 624 \/ 624;border-radius:15px;\" alt=\"\" \/><\/div><\/div><\/div>[\/vc_column][vc_column width=&#8221;1\/2&#8243; css=&#8221;.vc_custom_1636475364627{padding-right: 65px !important;padding-left: 65px !important;}&#8221;][vc_column_text css=&#8221;.vc_custom_1746537348351{margin-bottom: 40px !important;}&#8221; el_class=&#8221;after-line-left font-size-15&#8243;]<\/p>\n<h3>Venture Capital Fund<\/h3>\n<p>Blue Planet Venture Capital Funds (Climate Protection Private Fund, Water Fund) were established to contribute to the achievement of Hungary\u2019s environmental, climate and water protection goals through capital investment. It looks for companies and investment opportunities that directly or indirectly contribute to these goals. Typical areas of focus include innovative ideas and developments in the fields of green energy, climate-friendly agriculture and food use, circular economy, green transport, smart cities and water protection.[\/vc_column_text]<style type=\"text\/css\" data-type=\"the7_shortcodes-inline-css\">#default-btn-802afc79dd48a4e5d2e14f2b28065427.ico-right-side > i {\n  margin-right: 0px;\n  margin-left: 8px;\n}\n#default-btn-802afc79dd48a4e5d2e14f2b28065427 > i {\n  margin-right: 8px;\n}<\/style><div class=\"btn-align-left\"><a href=\"https:\/\/www.klimaalap.hu\/en\/\" class=\"default-btn-shortcode dt-btn dt-btn-l link-hover-off \" target=\"_blank\" id=\"default-btn-802afc79dd48a4e5d2e14f2b28065427\" rel=\"noopener\"><span>More information<\/span><\/a><\/div>[\/vc_column][\/vc_row][vc_row equal_height=&#8221;yes&#8221; content_placement=&#8221;middle&#8221; css=&#8221;.vc_custom_1637338677017{margin-right: 0px !important;margin-bottom: 75px !important;margin-left: 0px !important;padding-top: 20px !important;padding-right: 5px !important;padding-bottom: 20px !important;padding-left: 5px !important;background-color: #ffffff !important;border-radius: 20px !important;}&#8221; el_class=&#8221;box-shadow-design featured-box right-image-box&#8221;][vc_column width=&#8221;1\/2&#8243; css=&#8221;.vc_custom_1636475370738{padding-right: 65px !important;padding-left: 65px !important;}&#8221;][vc_column_text css=&#8221;.vc_custom_1746537435179{margin-bottom: 40px !important;}&#8221; el_class=&#8221;after-line-left font-size-15&#8243;]<\/p>\n<h3>.wave<\/h3>\n<p><strong>GABRIELLA S\u00d3DAR<\/strong>, the Deputy Director for Operations and Projects, initiates and manages the Foundation&#8217;s business innovation programmes<\/p>\n<p>The purpose of Blue Planet Foundation\u2019s .wave programme is to support the development of innovative businesses fostering environmental sustainability.<br \/>\nIt is available to Central European start-ups with a market validation and positive environmental impact. The selected companies participate in customised mentoring, training, workshops and networking events. At the end of this learning process, they can pitch to possible investors and interested individuals at a public event.[\/vc_column_text]<style type=\"text\/css\" data-type=\"the7_shortcodes-inline-css\">#default-btn-35a6de6ae94039d1a86d769baa7e17f0.ico-right-side > i {\n  margin-right: 0px;\n  margin-left: 8px;\n}\n#default-btn-35a6de6ae94039d1a86d769baa7e17f0 > i {\n  margin-right: 8px;\n}<\/style><div class=\"btn-align-left\"><a href=\"https:\/\/waveacceleration.com\/\" class=\"default-btn-shortcode dt-btn dt-btn-l link-hover-off \" target=\"_blank\" id=\"default-btn-35a6de6ae94039d1a86d769baa7e17f0\" title=\"Wave\" rel=\"noopener\"><span>More information<\/span><\/a><\/div>[\/vc_column][vc_column width=&#8221;1\/2&#8243;]<style type=\"text\/css\" data-type=\"the7_shortcodes-inline-css\">.shortcode-single-image-wrap.shortcode-single-image-44169a897b1252bd43b02eba163e274b.enable-bg-rollover .rollover i,\n.shortcode-single-image-wrap.shortcode-single-image-44169a897b1252bd43b02eba163e274b.enable-bg-rollover .rollover-video i {\n  background: -webkit-linear-gradient();\n  background: linear-gradient();\n}\n.shortcode-single-image-wrap.shortcode-single-image-44169a897b1252bd43b02eba163e274b .rollover-icon {\n  font-size: 32px;\n  color: #ffffff;\n  min-width: 44px;\n  min-height: 44px;\n  line-height: 44px;\n  border-radius: 100px;\n  border-style: solid;\n  border-width: 0px;\n}\n.dt-icon-bg-on.shortcode-single-image-wrap.shortcode-single-image-44169a897b1252bd43b02eba163e274b .rollover-icon {\n  background: rgba(255,255,255,0.3);\n  box-shadow: none;\n}<\/style><div class=\"shortcode-single-image-wrap shortcode-single-image-44169a897b1252bd43b02eba163e274b alignnone  enable-bg-rollover dt-icon-bg-off\" style=\"margin-top:0px; margin-bottom:0px; margin-left:0px; margin-right:0px;\"><div class=\"shortcode-single-image\"><div class=\"fancy-media-wrap  layzr-bg\" style=\"border-radius:15px;\"><img decoding=\"async\" class=\"preload-me lazy-load aspect\" src=\"data:image\/svg+xml,%3Csvg%20xmlns%3D&#39;http%3A%2F%2Fwww.w3.org%2F2000%2Fsvg&#39;%20viewBox%3D&#39;0%200%201224%201244&#39;%2F%3E\" data-src=\"https:\/\/kekbolygoalapitvany.hu\/wp-content\/uploads\/2021\/11\/wave-1.jpg\" data-srcset=\"https:\/\/kekbolygoalapitvany.hu\/wp-content\/uploads\/2021\/11\/wave-1.jpg 1224w\" loading=\"eager\" sizes=\"(max-width: 1224px) 100vw, 1224px\" width=\"1224\" height=\"1244\"  data-dt-location=\"https:\/\/kekbolygoalapitvany.hu\/en\/vallalkozasfejlesztes\/attachment\/wave-3\/\" style=\"--ratio: 1224 \/ 1244;border-radius:15px;\" alt=\"\" \/><\/div><\/div><\/div>[\/vc_column][\/vc_row][\/vc_section]<\/p>\n<\/div>","protected":false},"excerpt":{"rendered":"<p>[vc_row full_width=&#8221;stretch_row&#8221; full_height=&#8221;yes&#8221; content_placement=&#8221;middle&#8221; css=&#8221;.vc_custom_1636556522570{background: #cecece url(https:\/\/kekbolygoalapitvany.hu\/wp-content\/uploads\/2021\/11\/nature-head-bg-scaled.jpg?id=996) !important;background-position: center !important;background-repeat: no-repeat !important;background-size: cover !important;}&#8221; el_class=&#8221;hero-header&#8221;][vc_column width=&#8221;2\/3&#8243;][vc_column_text css=&#8221;&#8221;] Business Development [\/vc_column_text][\/vc_column][\/vc_row][vc_row css=&#8221;.vc_custom_1636020309755{padding-top: 150px !important;padding-bottom: 110px !important;}&#8221;][vc_column width=&#8221;5\/6&#8243; offset=&#8221;vc_col-sm-offset-1&#8243;][vc_column_text css=&#8221;&#8221; el_class=&#8221;font-size-40-h-title&#8221;] Initiatives for Sustainable Economic Development [\/vc_column_text][\/vc_column][\/vc_row][vc_row equal_height=&#8221;yes&#8221; content_placement=&#8221;middle&#8221; css=&#8221;.vc_custom_1636473792066{padding-bottom: 100px !important;}&#8221;][vc_column width=&#8221;5\/12&#8243; offset=&#8221;vc_col-sm-offset-1&#8243;][\/vc_column][vc_column width=&#8221;1\/3&#8243; offset=&#8221;vc_col-sm-offset-1&#8243;][vc_column_text css=&#8221;&#8221; el_class=&#8221;font-size-15&#8243;]Besides running and supporting educational programmes, professional projects, national and&hellip;<\/p>\n","protected":false},"author":2,"featured_media":6018,"parent":0,"menu_order":0,"comment_status":"closed","ping_status":"closed","template":"","meta":{"_acf_changed":false,"footnotes":""},"class_list":["post-6809","page","type-page","status-publish","has-post-thumbnail","hentry","description-off"],"acf":[],"yoast_head":"<!-- This site is optimized with the Yoast SEO plugin v27.2 - https:\/\/yoast.com\/product\/yoast-seo-wordpress\/ -->\n<title>Business Development - K\u00e9k Bolyg\u00f3 Alap\u00edtv\u00e1ny<\/title>\n<meta name=\"robots\" content=\"index, follow, max-snippet:-1, max-image-preview:large, max-video-preview:-1\" \/>\n<link rel=\"canonical\" href=\"https:\/\/kekbolygoalapitvany.hu\/en\/business-development\/\" \/>\n<meta property=\"og:locale\" content=\"en_US\" \/>\n<meta property=\"og:type\" content=\"article\" \/>\n<meta property=\"og:title\" content=\"Business Development - K\u00e9k Bolyg\u00f3 Alap\u00edtv\u00e1ny\" \/>\n<meta property=\"og:description\" content=\"[vc_row full_width=&#8221;stretch_row&#8221; full_height=&#8221;yes&#8221; content_placement=&#8221;middle&#8221; css=&#8221;.vc_custom_1636556522570{background: #cecece url(https:\/\/kekbolygoalapitvany.hu\/wp-content\/uploads\/2021\/11\/nature-head-bg-scaled.jpg?id=996) !important;background-position: center !important;background-repeat: no-repeat !important;background-size: cover !important;}&#8221; el_class=&#8221;hero-header&#8221;][vc_column width=&#8221;2\/3&#8243;][vc_column_text css=&#8221;&#8221;] Business Development [\/vc_column_text][\/vc_column][\/vc_row][vc_row css=&#8221;.vc_custom_1636020309755{padding-top: 150px !important;padding-bottom: 110px !important;}&#8221;][vc_column width=&#8221;5\/6&#8243; offset=&#8221;vc_col-sm-offset-1&#8243;][vc_column_text css=&#8221;&#8221; el_class=&#8221;font-size-40-h-title&#8221;] Initiatives for Sustainable Economic Development [\/vc_column_text][\/vc_column][\/vc_row][vc_row equal_height=&#8221;yes&#8221; content_placement=&#8221;middle&#8221; css=&#8221;.vc_custom_1636473792066{padding-bottom: 100px !important;}&#8221;][vc_column width=&#8221;5\/12&#8243; offset=&#8221;vc_col-sm-offset-1&#8243;][\/vc_column][vc_column width=&#8221;1\/3&#8243; offset=&#8221;vc_col-sm-offset-1&#8243;][vc_column_text css=&#8221;&#8221; el_class=&#8221;font-size-15&#8243;]Besides running and supporting educational programmes, professional projects, national and&hellip;\" \/>\n<meta property=\"og:url\" content=\"https:\/\/kekbolygoalapitvany.hu\/en\/business-development\/\" \/>\n<meta property=\"og:site_name\" content=\"K\u00e9k Bolyg\u00f3 Alap\u00edtv\u00e1ny\" \/>\n<meta property=\"article:modified_time\" content=\"2025-05-06T13:22:49+00:00\" \/>\n<meta property=\"og:image\" content=\"https:\/\/kekbolygoalapitvany.hu\/wp-content\/uploads\/2021\/11\/tokealap-head-bg-scaled.jpg\" \/>\n\t<meta property=\"og:image:width\" content=\"2560\" \/>\n\t<meta property=\"og:image:height\" content=\"1209\" \/>\n\t<meta property=\"og:image:type\" content=\"image\/jpeg\" \/>\n<meta name=\"twitter:card\" content=\"summary_large_image\" \/>\n<meta name=\"twitter:label1\" content=\"Est. reading time\" \/>\n\t<meta name=\"twitter:data1\" content=\"3 minutes\" \/>\n<script type=\"application\/ld+json\" class=\"yoast-schema-graph\">{\"@context\":\"https:\/\/schema.org\",\"@graph\":[{\"@type\":\"WebPage\",\"@id\":\"https:\/\/kekbolygoalapitvany.hu\/en\/business-development\/\",\"url\":\"https:\/\/kekbolygoalapitvany.hu\/en\/business-development\/\",\"name\":\"Business Development - K\u00e9k Bolyg\u00f3 Alap\u00edtv\u00e1ny\",\"isPartOf\":{\"@id\":\"https:\/\/kekbolygoalapitvany.hu\/#website\"},\"primaryImageOfPage\":{\"@id\":\"https:\/\/kekbolygoalapitvany.hu\/en\/business-development\/#primaryimage\"},\"image\":{\"@id\":\"https:\/\/kekbolygoalapitvany.hu\/en\/business-development\/#primaryimage\"},\"thumbnailUrl\":\"https:\/\/kekbolygoalapitvany.hu\/wp-content\/uploads\/2021\/11\/tokealap-head-bg-scaled.jpg\",\"datePublished\":\"2021-10-22T12:42:53+00:00\",\"dateModified\":\"2025-05-06T13:22:49+00:00\",\"breadcrumb\":{\"@id\":\"https:\/\/kekbolygoalapitvany.hu\/en\/business-development\/#breadcrumb\"},\"inLanguage\":\"en-US\",\"potentialAction\":[{\"@type\":\"ReadAction\",\"target\":[\"https:\/\/kekbolygoalapitvany.hu\/en\/business-development\/\"]}]},{\"@type\":\"ImageObject\",\"inLanguage\":\"en-US\",\"@id\":\"https:\/\/kekbolygoalapitvany.hu\/en\/business-development\/#primaryimage\",\"url\":\"https:\/\/kekbolygoalapitvany.hu\/wp-content\/uploads\/2021\/11\/tokealap-head-bg-scaled.jpg\",\"contentUrl\":\"https:\/\/kekbolygoalapitvany.hu\/wp-content\/uploads\/2021\/11\/tokealap-head-bg-scaled.jpg\",\"width\":2560,\"height\":1209},{\"@type\":\"BreadcrumbList\",\"@id\":\"https:\/\/kekbolygoalapitvany.hu\/en\/business-development\/#breadcrumb\",\"itemListElement\":[{\"@type\":\"ListItem\",\"position\":1,\"name\":\"Kezd\u0151lap\",\"item\":\"https:\/\/kekbolygoalapitvany.hu\/en\/\"},{\"@type\":\"ListItem\",\"position\":2,\"name\":\"Business Development\"}]},{\"@type\":\"WebSite\",\"@id\":\"https:\/\/kekbolygoalapitvany.hu\/#website\",\"url\":\"https:\/\/kekbolygoalapitvany.hu\/\",\"name\":\"K\u00e9k Bolyg\u00f3 Alap\u00edtv\u00e1ny\",\"description\":\"\",\"potentialAction\":[{\"@type\":\"SearchAction\",\"target\":{\"@type\":\"EntryPoint\",\"urlTemplate\":\"https:\/\/kekbolygoalapitvany.hu\/?s={search_term_string}\"},\"query-input\":{\"@type\":\"PropertyValueSpecification\",\"valueRequired\":true,\"valueName\":\"search_term_string\"}}],\"inLanguage\":\"en-US\"}]}<\/script>\n<!-- \/ Yoast SEO plugin. -->","yoast_head_json":{"title":"Business Development - K\u00e9k Bolyg\u00f3 Alap\u00edtv\u00e1ny","robots":{"index":"index","follow":"follow","max-snippet":"max-snippet:-1","max-image-preview":"max-image-preview:large","max-video-preview":"max-video-preview:-1"},"canonical":"https:\/\/kekbolygoalapitvany.hu\/en\/business-development\/","og_locale":"en_US","og_type":"article","og_title":"Business Development - K\u00e9k Bolyg\u00f3 Alap\u00edtv\u00e1ny","og_description":"[vc_row full_width=&#8221;stretch_row&#8221; full_height=&#8221;yes&#8221; content_placement=&#8221;middle&#8221; css=&#8221;.vc_custom_1636556522570{background: #cecece url(https:\/\/kekbolygoalapitvany.hu\/wp-content\/uploads\/2021\/11\/nature-head-bg-scaled.jpg?id=996) !important;background-position: center !important;background-repeat: no-repeat !important;background-size: cover !important;}&#8221; el_class=&#8221;hero-header&#8221;][vc_column width=&#8221;2\/3&#8243;][vc_column_text css=&#8221;&#8221;] Business Development [\/vc_column_text][\/vc_column][\/vc_row][vc_row css=&#8221;.vc_custom_1636020309755{padding-top: 150px !important;padding-bottom: 110px !important;}&#8221;][vc_column width=&#8221;5\/6&#8243; offset=&#8221;vc_col-sm-offset-1&#8243;][vc_column_text css=&#8221;&#8221; el_class=&#8221;font-size-40-h-title&#8221;] Initiatives for Sustainable Economic Development [\/vc_column_text][\/vc_column][\/vc_row][vc_row equal_height=&#8221;yes&#8221; content_placement=&#8221;middle&#8221; css=&#8221;.vc_custom_1636473792066{padding-bottom: 100px !important;}&#8221;][vc_column width=&#8221;5\/12&#8243; offset=&#8221;vc_col-sm-offset-1&#8243;][\/vc_column][vc_column width=&#8221;1\/3&#8243; offset=&#8221;vc_col-sm-offset-1&#8243;][vc_column_text css=&#8221;&#8221; el_class=&#8221;font-size-15&#8243;]Besides running and supporting educational programmes, professional projects, national and&hellip;","og_url":"https:\/\/kekbolygoalapitvany.hu\/en\/business-development\/","og_site_name":"K\u00e9k Bolyg\u00f3 Alap\u00edtv\u00e1ny","article_modified_time":"2025-05-06T13:22:49+00:00","og_image":[{"width":2560,"height":1209,"url":"https:\/\/kekbolygoalapitvany.hu\/wp-content\/uploads\/2021\/11\/tokealap-head-bg-scaled.jpg","type":"image\/jpeg"}],"twitter_card":"summary_large_image","twitter_misc":{"Est. reading time":"3 minutes"},"schema":{"@context":"https:\/\/schema.org","@graph":[{"@type":"WebPage","@id":"https:\/\/kekbolygoalapitvany.hu\/en\/business-development\/","url":"https:\/\/kekbolygoalapitvany.hu\/en\/business-development\/","name":"Business Development - K\u00e9k Bolyg\u00f3 Alap\u00edtv\u00e1ny","isPartOf":{"@id":"https:\/\/kekbolygoalapitvany.hu\/#website"},"primaryImageOfPage":{"@id":"https:\/\/kekbolygoalapitvany.hu\/en\/business-development\/#primaryimage"},"image":{"@id":"https:\/\/kekbolygoalapitvany.hu\/en\/business-development\/#primaryimage"},"thumbnailUrl":"https:\/\/kekbolygoalapitvany.hu\/wp-content\/uploads\/2021\/11\/tokealap-head-bg-scaled.jpg","datePublished":"2021-10-22T12:42:53+00:00","dateModified":"2025-05-06T13:22:49+00:00","breadcrumb":{"@id":"https:\/\/kekbolygoalapitvany.hu\/en\/business-development\/#breadcrumb"},"inLanguage":"en-US","potentialAction":[{"@type":"ReadAction","target":["https:\/\/kekbolygoalapitvany.hu\/en\/business-development\/"]}]},{"@type":"ImageObject","inLanguage":"en-US","@id":"https:\/\/kekbolygoalapitvany.hu\/en\/business-development\/#primaryimage","url":"https:\/\/kekbolygoalapitvany.hu\/wp-content\/uploads\/2021\/11\/tokealap-head-bg-scaled.jpg","contentUrl":"https:\/\/kekbolygoalapitvany.hu\/wp-content\/uploads\/2021\/11\/tokealap-head-bg-scaled.jpg","width":2560,"height":1209},{"@type":"BreadcrumbList","@id":"https:\/\/kekbolygoalapitvany.hu\/en\/business-development\/#breadcrumb","itemListElement":[{"@type":"ListItem","position":1,"name":"Kezd\u0151lap","item":"https:\/\/kekbolygoalapitvany.hu\/en\/"},{"@type":"ListItem","position":2,"name":"Business Development"}]},{"@type":"WebSite","@id":"https:\/\/kekbolygoalapitvany.hu\/#website","url":"https:\/\/kekbolygoalapitvany.hu\/","name":"K\u00e9k Bolyg\u00f3 Alap\u00edtv\u00e1ny","description":"","potentialAction":[{"@type":"SearchAction","target":{"@type":"EntryPoint","urlTemplate":"https:\/\/kekbolygoalapitvany.hu\/?s={search_term_string}"},"query-input":{"@type":"PropertyValueSpecification","valueRequired":true,"valueName":"search_term_string"}}],"inLanguage":"en-US"}]}},"_links":{"self":[{"href":"https:\/\/kekbolygoalapitvany.hu\/en\/wp-json\/wp\/v2\/pages\/6809","targetHints":{"allow":["GET"]}}],"collection":[{"href":"https:\/\/kekbolygoalapitvany.hu\/en\/wp-json\/wp\/v2\/pages"}],"about":[{"href":"https:\/\/kekbolygoalapitvany.hu\/en\/wp-json\/wp\/v2\/types\/page"}],"author":[{"embeddable":true,"href":"https:\/\/kekbolygoalapitvany.hu\/en\/wp-json\/wp\/v2\/users\/2"}],"replies":[{"embeddable":true,"href":"https:\/\/kekbolygoalapitvany.hu\/en\/wp-json\/wp\/v2\/comments?post=6809"}],"version-history":[{"count":10,"href":"https:\/\/kekbolygoalapitvany.hu\/en\/wp-json\/wp\/v2\/pages\/6809\/revisions"}],"predecessor-version":[{"id":8180,"href":"https:\/\/kekbolygoalapitvany.hu\/en\/wp-json\/wp\/v2\/pages\/6809\/revisions\/8180"}],"wp:featuredmedia":[{"embeddable":true,"href":"https:\/\/kekbolygoalapitvany.hu\/en\/wp-json\/wp\/v2\/media\/6018"}],"wp:attachment":[{"href":"https:\/\/kekbolygoalapitvany.hu\/en\/wp-json\/wp\/v2\/media?parent=6809"}],"curies":[{"name":"wp","href":"https:\/\/api.w.org\/{rel}","templated":true}]}}